{"id":5329,"date":"2019-06-26T15:52:23","date_gmt":"2019-06-26T13:52:23","guid":{"rendered":"http:\/\/thenewyorker.de.w01a4702.kasserver.com\/agb\/"},"modified":"2022-09-22T14:56:46","modified_gmt":"2022-09-22T12:56:46","slug":"terms-conditions","status":"publish","type":"page","link":"https:\/\/thenewyorker.de\/en\/terms-conditions\/","title":{"rendered":"Terms &amp; Conditions"},"content":{"rendered":"<div id='av_section_1'  class='avia-section av-s1csl-8473241ad5ea3251efbe7abedf814d61 main_color avia-section-default avia-no-border-styling  avia-builder-el-0  avia-builder-el-no-sibling  avia-bg-style-scroll  container_wrap fullsize'  ><div class='container av-section-cont-open' ><main  role=\"main\" itemprop=\"mainContentOfPage\"  class='template-page content  av-content-full alpha units'><div class='post-entry post-entry-type-page post-entry-5329'><div class='entry-content-wrapper clearfix'>\n\n<style type=\"text\/css\" id=\"style-css-av-n9y9p-5f469af47ec9d1916f0428d7a678f428\">\n#top .hr.hr-invisible.av-n9y9p-5f469af47ec9d1916f0428d7a678f428{\nheight:50px;\n}\n<\/style>\n<div  class='hr av-n9y9p-5f469af47ec9d1916f0428d7a678f428 hr-invisible  avia-builder-el-1  el_before_av_heading  avia-builder-el-first   av-desktop-hide av-medium-hide'><span class='hr-inner '><span class=\"hr-inner-style\"><\/span><\/span><\/div>\n\n<style type=\"text\/css\" id=\"style-css-av-g923p-b371573d5db1f27d5768b3e4d98a1cd2\">\n#top .av-special-heading.av-g923p-b371573d5db1f27d5768b3e4d98a1cd2{\npadding-bottom:10px;\n}\n<\/style>\n<div  class='av-special-heading av-g923p-b371573d5db1f27d5768b3e4d98a1cd2 av-special-heading-h1 blockquote modern-quote  avia-builder-el-2  el_after_av_hr  el_before_av_textblock  av-linked-heading '><h1 class='av-special-heading-tag '  itemprop=\"headline\"  >Terms and Conditions<\/h1><div class='special-heading-border'><div class='special-heading-inner-border'><\/div><\/div><\/div>\n<section class=\"av_textblock_section \"  itemscope=\"itemscope\" itemtype=\"https:\/\/schema.org\/CreativeWork\" ><div class='avia_textblock  '   itemprop=\"text\" ><p><strong>As a service for guests on our website we present basic information in English. The terms and conditions listed in German below are legally binding.<\/strong><\/p>\n<h2><strong>ALLGEMEINE GESCH\u00c4FTSBEDINGUNGEN<\/strong><\/h2>\n<p><a href=\"https:\/\/thenewyorker.de\/wp-content\/uploads\/2022\/08\/AGBHotel-The-New-Yorker-Hotel-GmbH-Juni-2022.pdf\" target=\"_blank\" rel=\"noopener\">Download &#8211; AGB Hotelaufnahmevertrag<\/a><br \/>\n<a href=\"https:\/\/thenewyorker.de\/wp-content\/uploads\/2022\/08\/AGBVeranstaltung-The-New-Yorker-Hotel-GmbH-Juni-2022-.pdf\" target=\"_blank\" rel=\"noopener\">Download &#8211; AGB Veranstaltungen<\/a><\/p>\n<h3>I. GELTUNGS\u00adBEREICH<\/h3>\n<p>1. Diese Gesch\u00e4ftsbedingungen gelten f\u00fcr Vertr\u00e4ge \u00fcber die mietweise \u00dcberlassung von Hotelzimmern zur Beherbergung sowie alle in diesem Zusammenhang f\u00fcr den Kunden er-brachten weiteren Leistungen und Lieferungen des Hotels (Hotelaufnahmevertrag). Der Begriff \u201eHotelaufnahmevertrag\u201c umfasst und ersetzt folgende Begriffe: Beherbergungs-, Gastaufnahme-, Hotel-, Hotelzimmervertrag.<\/p>\n<p>2. Die Unter- oder Weitervermietung der \u00fcberlassenen Zimmer sowie deren Nutzung zu anderen als Beherbergungszwecken bed\u00fcrfen der vorherigen Zustimmung des Hotels in Textform, wobei \u00a7 540 Absatz 1 Satz 2 BGB abbedungen wird, soweit der Kunde nicht Verbraucher ist.<\/p>\n<p>3. Allgemeine Gesch\u00e4ftsbedingungen des Kunden finden nur Anwendung, wenn dies vorher ausdr\u00fccklich in Textform vereinbart wurde.<\/p>\n<h3>II. VERTRAGS\u00adABSCHLUSS, -PARTNER, VERJ\u00c4HRUNG<\/h3>\n<p>1. Der Vertrag kommt durch die Annahme des Antrags des Kunden durch das Hotel zustande. Dem Hotel steht es frei, die Zimmerbuchung in Textform zu best\u00e4tigen.<\/p>\n<p>2. Vertragspartner sind das Hotel und der Kunde. Hat ein Dritter f\u00fcr den Kunden bestellt, haftet er dem Hotel gegen\u00fcber zusammen mit dem Kunden als Gesamtschuldner f\u00fcr alle Verpflichtungen aus dem Hotelaufnahmevertrag, sofern dem Hotel eine entsprechende Erkl\u00e4rung des Dritten vorliegt.<\/p>\n<p>3. Alle Anspr\u00fcche gegen das Hotel verj\u00e4hren grunds\u00e4tzlich in einem Jahr ab dem gesetzli-chen Verj\u00e4hrungsbeginn. Schadensersatzanspr\u00fcche verj\u00e4hren kenntnisunabh\u00e4ngig in f\u00fcnf Jahren, soweit sie nicht auf einer Verletzung des Lebens, des K\u00f6rpers, der Gesundheit oder der Freiheit beruhen. Diese Schadensersatzanspr\u00fcche verj\u00e4hren kenntnisunabh\u00e4ngig in zehn Jahren. Die Verj\u00e4hrungsverk\u00fcrzungen gelten nicht bei Anspr\u00fcchen, die auf einer vors\u00e4tzlichen oder grob fahrl\u00e4ssigen Pflichtverletzung des Hotels beruhen.<\/p>\n<h3>III. LEISTUNGEN, PREISE, ZAHLUNG, AUFRECHNUNG<\/h3>\n<p>1. Das Hotel ist verpflichtet, die vom Kunden gebuchten Zimmer bereitzuhalten und die vereinbarten Leistungen zu erbringen.<\/p>\n<p>2. Der Kunde ist verpflichtet, die f\u00fcr die Zimmer\u00fcberlassung und die von ihm in Anspruch genommenen weiteren Leistungen vereinbarten bzw. geltenden Preise des Hotels zu zah-len. Dies gilt auch f\u00fcr vom Kunden veranlasste Leistungen und Auslagen des Hotels an Dritte. Die vereinbarten Preise schlie\u00dfen die jeweilige gesetzliche Umsatzsteuer ein.<\/p>\n<p>3. Das Hotel kann seine Zustimmung zu einer vom Kunden gew\u00fcnschten nachtr\u00e4glichen Verringerung der Anzahl der gebuchten Zimmer, der Leistung des Hotels oder der Aufent-haltsdauer des Kunden davon abh\u00e4ngig machen, dass sich der Preis f\u00fcr die Zimmer und\/oder f\u00fcr die sonstigen Leistungen des Hotels erh\u00f6ht.<\/p>\n<p>4. Rechnungen des Hotels ohne F\u00e4lligkeitsdatum sind binnen 10 Tagen ab Zugang der Rechnung ohne Abzug zahlbar. Das Hotel kann die unverz\u00fcgliche Zahlung f\u00e4lliger Forde-rungen jederzeit vom Kunden verlangen. Bei Zahlungsverzug ist das Hotel berechtigt, die jeweils geltenden gesetzlichen Verzugszinsen in H\u00f6he von derzeit 8% bzw. bei Rechtsge-sch\u00e4ften, an denen ein Verbraucher beteiligt ist, in H\u00f6he von 5% \u00fcber dem Basiszinssatz zu verlangen. Dem Hotel bleibt der Nachweis eines h\u00f6heren Schadens vorbehalten.<\/p>\n<p>5. Das Hotel ist berechtigt, bei Vertragsschluss vom Kunden eine angemessene Vorauszahlung oder Sicherheitsleistung in Form einer Kreditkartengarantie, einer Anzahlung oder \u00c4hnlichem zu verlangen. Die H\u00f6he der Vorauszahlung und die Zahlungstermine k\u00f6nnen im Vertrag in Textform vereinbart werden. Bei Vorauszahlungen oder Sicherheitsleistungen f\u00fcr Pauschalreisen bleiben die gesetzlichen Bestimmungen unber\u00fchrt.<\/p>\n<p>6. In begr\u00fcndeten F\u00e4llen, z.B. Zahlungsr\u00fcckstand des Kunden oder Erweiterung des Ver-tragsumfanges, ist das Hotel berechtigt, auch nach Vertragsschluss bis zu Beginn des Aufenthaltes eine Vorauszahlung oder Sicherheitsleistung im Sinne vorstehender Nr. 5 oder eine Anhebung der im Vertrag vereinbarten Vorauszahlung oder Sicherheitsleistung bis zur vollen vereinbarten Verg\u00fctung zu verlangen.<\/p>\n<p>7. Das Hotel ist ferner berechtigt, zu Beginn und w\u00e4hrend des Aufenthaltes vom Kunden eine angemessene Vorauszahlung oder Sicherheitsleistung im Sinne vorstehender Nr. 5 f\u00fcr be-stehende und k\u00fcnftige Forderungen aus dem Vertrag zu verlangen, soweit eine solche nicht bereits gem\u00e4\u00df vorstehender Nummern 5 und\/oder 6 geleistet wurde.<\/p>\n<p>8. Der Kunde kann nur mit einer unstreitigen oder rechtskr\u00e4ftigen Forderung gegen\u00fcber einer Forderung des Hotels aufrechnen oder verrechnen.<\/p>\n<p>9. Unsere Preise enthalten die derzeit g\u00fcltige gesetzliche Umsatzsteuer und unterliegen einer Anpassung bei Steuersatz\u00e4nderungen sowie einer \u00c4nderung des vom Statistischen Bundesamt ermittelten Verbraucherpreisindex f\u00fcr Deutschland auf der Basis 2005 = 100 zum Zeitpunkt der Leistungserbringung gegen\u00fcber dem Stand bei Vertragsschluss im gleichen prozentualen Verh\u00e4ltnis.<\/p>\n<h3>IV. R\u00dcCKTRITT DES KUNDEN (ABBESTELLUNG, STORNIERUNG) \/ NICHTIN\u00adANSPRUCH\u00adNAHME DER LEISTUNGEN DES HOTELS (NO SHOW)<\/h3>\n<p>1. Ein R\u00fccktritt des Kunden von dem mit dem Hotel geschlossenen Vertrag bedarf der Zustimmung des Hotels in Textform. Erfolgt diese nicht, so ist der vereinbarte Preis aus dem Vertrag auch dann zu zahlen, wenn der Kunde vertragliche Leistungen nicht in Anspruch nimmt.<\/p>\n<p>2. Sofern zwischen dem Hotel und dem Kunden ein Termin zum kostenfreien R\u00fccktritt vom Vertrag in Textform vereinbart wurde, kann der Kunde bis dahin vom Vertrag zur\u00fccktreten, ohne Zahlungs- oder Schadensersatzanspr\u00fcche des Hotels auszul\u00f6sen. Das R\u00fccktritts-recht des Kunden erlischt, wenn er nicht bis zum vereinbarten Termin sein Recht zum R\u00fccktritt gegen\u00fcber dem Hotel in Textform aus\u00fcbt.<\/p>\n<p>3. Bei vom Kunden nicht in Anspruch genommenen Zimmern hat das Hotel die Einnahmen aus anderweitiger Vermietung dieser Zimmer sowie die eingesparten Aufwendungen anzu-rechnen. Werden die Zimmer nicht anderweitig vermietet, so kann das Hotel die vertraglich vereinbarte Verg\u00fctung verlangen und den Abzug f\u00fcr ersparte Aufwendungen des Hotels pauschalieren. Der Kunde ist in diesem Fall verpflichtet, mindestens 90% des vertraglich vereinbarten Preises f\u00fcr \u00dcbernachtungen mit oder ohne Fr\u00fchst\u00fcck, 70% f\u00fcr Halbpensions- und 60% f\u00fcr Vollpensionsarrangements zu zahlen. Dem Kunden steht der Nachweis frei, dass der vorgenannte Anspruch nicht oder nicht in der geforderten H\u00f6he entstanden ist.<\/p>\n<h3>V. R\u00dcCKTRITT DES HOTELS<\/h3>\n<p>1. Sofern vertraglich vereinbart wurde, dass der Kunde innerhalb einer bestimmten Frist kostenfrei vom Vertrag zur\u00fccktreten kann, ist das Hotel in diesem Zeitraum seinerseits be-rechtigt, vom Vertrag zur\u00fcckzutreten, wenn Anfragen anderer Kunden nach den vertraglich gebuchten Zimmern vorliegen und der Kunde auf R\u00fcckfrage des Hotels auf sein Recht zum R\u00fccktritt nicht verzichtet.<\/p>\n<p>2. Wird eine vereinbarte oder oben gem\u00e4\u00df Ziffer III Nummern 5 und\/oder 6 verlangte Voraus-zahlung oder Sicherheitsleistung auch nach Verstreichen einer vom Hotel gesetzten an-gemessenen Nachfrist nicht geleistet, so ist das Hotel ebenfalls zum R\u00fccktritt vom Vertrag berechtigt.<\/p>\n<p>3. Ferner ist das Hotel berechtigt, aus sachlich gerechtfertigtem Grund vom Vertrag au\u00dferor-dentlich zur\u00fcckzutreten, beispielsweise falls<\/p>\n<ul>\n<li>H\u00f6here Gewalt oder andere vom Hotel nicht zu vertretende Umst\u00e4nde die Erf\u00fcllung des Vertrages unm\u00f6glich machen;<\/li>\n<li>Zimmer oder R\u00e4ume schuldhaft unter irref\u00fchrender oder falscher Angabe vertragswe-sentlicher Tatsachen, z.B. zur Person des Kunden oder zum Zweck seines Aufenthal-tes, gebucht werden;<\/li>\n<li>das Hotel begr\u00fcndeten Anlass zu der Annahme hat, dass die Inanspruchnahme der Hotelleistung den reibungslosen Gesch\u00e4ftsbetrieb, die Sicherheit oder das Ansehen des Hotels in der \u00d6ffentlichkeit gef\u00e4hrden kann, ohne dass dies dem Herrschafts- bzw. Organisationsbereich des Hotels zuzurechnen ist;<\/li>\n<li>der Zweck bzw. der Anlass des Aufenthaltes gesetzeswidrig ist;<\/li>\n<li>ein Versto\u00df gegen oben genannte Ziffer I Nr. 2 vorliegt.<\/li>\n<\/ul>\n<p>4. Bei berechtigtem R\u00fccktritt des Hotels entsteht kein Anspruch des Kunden auf Schadensersatz.<\/p>\n<p>5. Sollten einzelne Bestimmungen dieses Vertrages unwirksam oder undurchf\u00fchrbar sein oder nach Vertragsschluss unwirksam oder undurchf\u00fchrbar werden, bleibt davon die Wirk-samkeit des Vertrages im \u00dcbrigen unber\u00fchrt. An die Stelle der unwirksamen oder undurch-f\u00fchrbaren Bestimmung soll diejenige wirksame und durchf\u00fchrbare Regelung treten, deren Wirkungen der wirtschaftlichen Zielsetzung am n\u00e4chsten kommen, die die Vertragsparteien mit der unwirksamen bzw. undurchf\u00fchrbaren Bestimmung verfolgt haben. Die vorstehen-den Bestimmungen gelten entsprechend f\u00fcr den Fall, dass sich der Vertrag als l\u00fcckenhaft erweist.<\/p>\n<h3>VI. ZIMMER\u00adBEREITSTELLUNG, -\u00dcBERGABE UND -R\u00dcCKGABE<\/h3>\n<p>1. Der Kunde erwirbt keinen Anspruch auf die Bereitstellung bestimmter Zimmer, soweit dieses nicht ausdr\u00fccklich in Textform vereinbart wurde.<\/p>\n<p>2. Gebuchte Zimmer stehen dem Kunden ab 15:00 Uhr des vereinbarten Anreisetages zur Verf\u00fcgung. Der Kunde hat keinen Anspruch auf fr\u00fchere Bereitstellung.<\/p>\n<p>3. Am vereinbarten Abreisetag sind die Zimmer dem Hotel sp\u00e4testens um 12:00 Uhr ger\u00e4umt zur Verf\u00fcgung zu stellen. Danach kann das Hotel aufgrund der versp\u00e4teten R\u00e4umung des Zimmers f\u00fcr dessen vertrags\u00fcberschreitende Nutzung bis 18:00 Uhr 50% des vollen Lo-gispreises (Listenpreises) in Rechnung stellen, ab 18:00 Uhr 100%. Vertragliche Anspr\u00fc-che des Kunden werden hierdurch nicht begr\u00fcndet. Ihm steht es frei, nachzuweisen, dass dem Hotel kein oder ein wesentlich niedrigerer Anspruch auf Nutzungsentgelt entstanden ist.<\/p>\n<h3>VII. HAFTUNG DES HOTELS<\/h3>\n<p>1. Das Hotel haftet f\u00fcr seine Verpflichtungen aus dem Vertrag. Anspr\u00fcche des Kunden auf Schadensersatz sind ausgeschlossen. Hiervon ausgenommen sind Sch\u00e4den aus der Verletzung des Lebens, des K\u00f6rpers oder der Gesundheit, wenn das Hotel die Pflichtverletzung zu vertreten hat, sonstige Sch\u00e4den, die auf einer vors\u00e4tzlichen oder grob fahrl\u00e4ssi-gen Pflichtverletzung des Hotels beruhen und Sch\u00e4den, die auf einer vors\u00e4tzlichen oder fahrl\u00e4ssigen Verletzung von vertragstypischen Pflichten des Hotels beruhen. Einer Pflicht-verletzung des Hotels steht die eines gesetzlichen Vertreters oder Erf\u00fcllungsgehilfen gleich. Sollten St\u00f6rungen oder M\u00e4ngel an den Leistungen des Hotels auftreten, wird das Hotel bei Kenntnis oder auf unverz\u00fcgliche R\u00fcge des Kunden bem\u00fcht sein, f\u00fcr Abhilfe zu sorgen. Der Kunde ist verpflichtet, das ihm Zumutbare beizutragen, um die St\u00f6rung zu be-heben und einen m\u00f6glichen Schaden gering zu halten.<\/p>\n<p>2. F\u00fcr eingebrachte Sachen haftet das Hotel dem Kunden nach den gesetzlichen Bestim-mungen. Danach ist die Haftung beschr\u00e4nkt auf das Hundertfache des Zimmerpreises, je-doch h\u00f6chstens \u20ac 3.500,- und abweichend f\u00fcr Geld, Wertpapieren und Kostbarkeiten h\u00f6chstens bis zu \u20ac 800,-. Geld, Wertpapiere und Kostbarkeiten k\u00f6nnen bis zu einem H\u00f6chstwert von \u20ac (Versicherungssumme des Hotels einsetzen) im Hotel- oder Zimmersafe aufbewahrt werden. Das Hotel empfiehlt, von dieser M\u00f6glichkeit Gebrauch zu machen.<\/p>\n<p>3. Soweit dem Kunden ein Stellplatz in der Hotelgarage oder auf einem Hotelparkplatz, auch gegen Entgelt, zur Verf\u00fcgung gestellt wird, kommt dadurch kein Verwahrungsvertrag zu-stande. Bei Abhandenkommen oder Besch\u00e4digung auf dem Hotelgrundst\u00fcck abgestellter oder rangierter Kraftfahrzeuge und deren Inhalte haftet das Hotel nicht, au\u00dfer bei Vorsatz oder grober Fahrl\u00e4ssigkeit. F\u00fcr den Ausschluss der Schadensersatzanspr\u00fcche des Kun-den gilt die Regelung der vorstehenden Nummer 1, S\u00e4tze 2 bis 4 entsprechend.<\/p>\n<p>4. Weckauftr\u00e4ge werden vom Hotel mit gr\u00f6\u00dfter Sorgfalt ausgef\u00fchrt. Nachrichten, Post und Warensendungen f\u00fcr die G\u00e4ste werden mit Sorgfalt behandelt. Das Hotel \u00fcbernimmt die Zustellung, Aufbewahrung und \u2013 auf Wunsch \u2013 gegen Entgelt die Nachsendung derselben. F\u00fcr den Ausschluss von Schadensersatzanspr\u00fcchen des Kunden gilt die Regelung der vorstehenden Nummer 1, S\u00e4tze 2 bis 4 entsprechend.<\/p>\n<h3>VIII. SCHLUSS\u00adBESTIMMUNGEN<\/h3>\n<p>1. \u00c4nderungen und Erg\u00e4nzungen des Vertrages, der Antragsannahme oder dieser Allgemei-nen Gesch\u00e4ftsbedingungen sollen in Textform erfolgen. Einseitige \u00c4nderungen oder Er-g\u00e4nzungen durch den Kunden sind unwirksam.<\/p>\n<p>2. Erf\u00fcllungs- und Zahlungsort ist der Standort des Hotels.<\/p>\n<p>3. Ausschlie\u00dflicher Gerichtsstand \u2013 auch f\u00fcr Scheck- und Wechselstreitigkeiten \u2013 ist im kaufm\u00e4nnischen Verkehr der gesellschaftsrechtliche Sitz des Hotels. Sofern ein Vertrags-partner die Voraussetzung des \u00a7 38 Absatz 2 ZPO erf\u00fcllt und keinen allgemeinen Ge-richtsstand im Inland hat, gilt als Gerichtsstand der gesellschaftsrechtliche Sitz des Hotels.<\/p>\n<p>4. Es gilt deutsches Recht. Die Anwendung des UN-Kaufrechts und des Kollisionsrechts ist ausgeschlossen.<\/p>\n<p>5. Sollten einzelne Bestimmungen dieser Allgemeinen Gesch\u00e4ftsbedingungen unwirksam oder nichtig sein oder werden, so wird dadurch die Wirksamkeit der \u00fcbrigen Bestimmun-gen nicht ber\u00fchrt. Im \u00dcbrigen gelten die gesetzlichen Vorschriften.<\/p>\n<\/div><\/section>\n\n","protected":false},"excerpt":{"rendered":"","protected":false},"author":1,"featured_media":0,"parent":0,"menu_order":0,"comment_status":"closed","ping_status":"closed","template":"","meta":{"_acf_changed":false,"footnotes":""},"class_list":["post-5329","page","type-page","status-publish","hentry"],"acf":[],"yoast_head":"<!-- This site is optimized with the Yoast SEO plugin v26.4 - https:\/\/yoast.com\/wordpress\/plugins\/seo\/ -->\n<title>Terms &amp; Conditions | The New Yorker Hotel Group<\/title>\n<meta name=\"description\" content=\"\u2605 Hotel and apartments in Cologne \u2605 General terms and conditions of the new Yorker Hotel Group in Cologne \u27a4 Learn more here \u27a4\" \/>\n<meta name=\"robots\" content=\"index, follow, max-snippet:-1, max-image-preview:large, max-video-preview:-1\" \/>\n<link rel=\"canonical\" href=\"https:\/\/thenewyorker.de\/en\/terms-conditions\/\" \/>\n<meta property=\"og:locale\" content=\"en_US\" \/>\n<meta property=\"og:type\" content=\"article\" \/>\n<meta property=\"og:title\" content=\"Terms &amp; Conditions | The New Yorker Hotel Group\" \/>\n<meta property=\"og:description\" content=\"\u2605 Hotel and apartments in Cologne \u2605 General terms and conditions of the new Yorker Hotel Group in Cologne \u27a4 Learn more here \u27a4\" \/>\n<meta property=\"og:url\" content=\"https:\/\/thenewyorker.de\/en\/terms-conditions\/\" \/>\n<meta property=\"og:site_name\" content=\"The New Yorker Cologne\" \/>\n<meta property=\"article:publisher\" content=\"https:\/\/www.facebook.com\/TheNewYorkerCologne\/\" \/>\n<meta property=\"article:modified_time\" content=\"2022-09-22T12:56:46+00:00\" \/>\n<meta name=\"twitter:card\" content=\"summary_large_image\" \/>\n<meta name=\"twitter:title\" content=\"Terms &amp; Conditions | The New Yorker Hotel Group\" \/>\n<meta name=\"twitter:description\" content=\"\u2605 Hotel and apartments in Cologne \u2605 General terms and conditions of the new Yorker Hotel Group in Cologne \u27a4 Learn more here \u27a4\" \/>\n<meta name=\"twitter:label1\" content=\"Est. reading time\" \/>\n\t<meta name=\"twitter:data1\" content=\"11 minutes\" \/>\n<script type=\"application\/ld+json\" class=\"yoast-schema-graph\">{\"@context\":\"https:\/\/schema.org\",\"@graph\":[{\"@type\":\"WebPage\",\"@id\":\"https:\/\/thenewyorker.de\/en\/terms-conditions\/\",\"url\":\"https:\/\/thenewyorker.de\/en\/terms-conditions\/\",\"name\":\"Terms & Conditions | The New Yorker Hotel Group\",\"isPartOf\":{\"@id\":\"https:\/\/thenewyorker.de\/#website\"},\"datePublished\":\"2019-06-26T13:52:23+00:00\",\"dateModified\":\"2022-09-22T12:56:46+00:00\",\"description\":\"\u2605 Hotel and apartments in Cologne \u2605 General terms and conditions of the new Yorker Hotel Group in Cologne \u27a4 Learn more here \u27a4\",\"breadcrumb\":{\"@id\":\"https:\/\/thenewyorker.de\/en\/terms-conditions\/#breadcrumb\"},\"inLanguage\":\"en-US\",\"potentialAction\":[{\"@type\":\"ReadAction\",\"target\":[\"https:\/\/thenewyorker.de\/en\/terms-conditions\/\"]}]},{\"@type\":\"BreadcrumbList\",\"@id\":\"https:\/\/thenewyorker.de\/en\/terms-conditions\/#breadcrumb\",\"itemListElement\":[{\"@type\":\"ListItem\",\"position\":1,\"name\":\"Startseite\",\"item\":\"https:\/\/thenewyorker.de\/en\/home\/\"},{\"@type\":\"ListItem\",\"position\":2,\"name\":\"Terms &amp; Conditions\"}]},{\"@type\":\"WebSite\",\"@id\":\"https:\/\/thenewyorker.de\/#website\",\"url\":\"https:\/\/thenewyorker.de\/\",\"name\":\"The New Yorker Cologne\",\"description\":\"Hotels &amp; event locations\",\"publisher\":{\"@id\":\"https:\/\/thenewyorker.de\/#organization\"},\"potentialAction\":[{\"@type\":\"SearchAction\",\"target\":{\"@type\":\"EntryPoint\",\"urlTemplate\":\"https:\/\/thenewyorker.de\/?s={search_term_string}\"},\"query-input\":{\"@type\":\"PropertyValueSpecification\",\"valueRequired\":true,\"valueName\":\"search_term_string\"}}],\"inLanguage\":\"en-US\"},{\"@type\":\"Organization\",\"@id\":\"https:\/\/thenewyorker.de\/#organization\",\"name\":\"The New Yorker Cologne\",\"url\":\"https:\/\/thenewyorker.de\/\",\"logo\":{\"@type\":\"ImageObject\",\"inLanguage\":\"en-US\",\"@id\":\"https:\/\/thenewyorker.de\/#\/schema\/logo\/image\/\",\"url\":\"https:\/\/thenewyorker.de\/wp-content\/uploads\/2022\/06\/TNY-Cologne-1.png\",\"contentUrl\":\"https:\/\/thenewyorker.de\/wp-content\/uploads\/2022\/06\/TNY-Cologne-1.png\",\"width\":1030,\"height\":287,\"caption\":\"The New Yorker Cologne\"},\"image\":{\"@id\":\"https:\/\/thenewyorker.de\/#\/schema\/logo\/image\/\"},\"sameAs\":[\"https:\/\/www.facebook.com\/TheNewYorkerCologne\/\",\"https:\/\/www.instagram.com\/thenewyorkercologne\/\",\"https:\/\/www.linkedin.com\/company\/the-new-yorker-hotel-gmbh\/about\/\",\"https:\/\/www.youtube.com\/user\/TheNewYorker99\/\"]}]}<\/script>\n<!-- \/ Yoast SEO plugin. -->","yoast_head_json":{"title":"Terms & Conditions | The New Yorker Hotel Group","description":"\u2605 Hotel and apartments in Cologne \u2605 General terms and conditions of the new Yorker Hotel Group in Cologne \u27a4 Learn more here \u27a4","robots":{"index":"index","follow":"follow","max-snippet":"max-snippet:-1","max-image-preview":"max-image-preview:large","max-video-preview":"max-video-preview:-1"},"canonical":"https:\/\/thenewyorker.de\/en\/terms-conditions\/","og_locale":"en_US","og_type":"article","og_title":"Terms & Conditions | The New Yorker Hotel Group","og_description":"\u2605 Hotel and apartments in Cologne \u2605 General terms and conditions of the new Yorker Hotel Group in Cologne \u27a4 Learn more here \u27a4","og_url":"https:\/\/thenewyorker.de\/en\/terms-conditions\/","og_site_name":"The New Yorker Cologne","article_publisher":"https:\/\/www.facebook.com\/TheNewYorkerCologne\/","article_modified_time":"2022-09-22T12:56:46+00:00","twitter_card":"summary_large_image","twitter_title":"Terms & Conditions | The New Yorker Hotel Group","twitter_description":"\u2605 Hotel and apartments in Cologne \u2605 General terms and conditions of the new Yorker Hotel Group in Cologne \u27a4 Learn more here \u27a4","twitter_misc":{"Est. reading time":"11 minutes"},"schema":{"@context":"https:\/\/schema.org","@graph":[{"@type":"WebPage","@id":"https:\/\/thenewyorker.de\/en\/terms-conditions\/","url":"https:\/\/thenewyorker.de\/en\/terms-conditions\/","name":"Terms & Conditions | The New Yorker Hotel Group","isPartOf":{"@id":"https:\/\/thenewyorker.de\/#website"},"datePublished":"2019-06-26T13:52:23+00:00","dateModified":"2022-09-22T12:56:46+00:00","description":"\u2605 Hotel and apartments in Cologne \u2605 General terms and conditions of the new Yorker Hotel Group in Cologne \u27a4 Learn more here \u27a4","breadcrumb":{"@id":"https:\/\/thenewyorker.de\/en\/terms-conditions\/#breadcrumb"},"inLanguage":"en-US","potentialAction":[{"@type":"ReadAction","target":["https:\/\/thenewyorker.de\/en\/terms-conditions\/"]}]},{"@type":"BreadcrumbList","@id":"https:\/\/thenewyorker.de\/en\/terms-conditions\/#breadcrumb","itemListElement":[{"@type":"ListItem","position":1,"name":"Startseite","item":"https:\/\/thenewyorker.de\/en\/home\/"},{"@type":"ListItem","position":2,"name":"Terms &amp; Conditions"}]},{"@type":"WebSite","@id":"https:\/\/thenewyorker.de\/#website","url":"https:\/\/thenewyorker.de\/","name":"The New Yorker Cologne","description":"Hotels &amp; event locations","publisher":{"@id":"https:\/\/thenewyorker.de\/#organization"},"potentialAction":[{"@type":"SearchAction","target":{"@type":"EntryPoint","urlTemplate":"https:\/\/thenewyorker.de\/?s={search_term_string}"},"query-input":{"@type":"PropertyValueSpecification","valueRequired":true,"valueName":"search_term_string"}}],"inLanguage":"en-US"},{"@type":"Organization","@id":"https:\/\/thenewyorker.de\/#organization","name":"The New Yorker Cologne","url":"https:\/\/thenewyorker.de\/","logo":{"@type":"ImageObject","inLanguage":"en-US","@id":"https:\/\/thenewyorker.de\/#\/schema\/logo\/image\/","url":"https:\/\/thenewyorker.de\/wp-content\/uploads\/2022\/06\/TNY-Cologne-1.png","contentUrl":"https:\/\/thenewyorker.de\/wp-content\/uploads\/2022\/06\/TNY-Cologne-1.png","width":1030,"height":287,"caption":"The New Yorker Cologne"},"image":{"@id":"https:\/\/thenewyorker.de\/#\/schema\/logo\/image\/"},"sameAs":["https:\/\/www.facebook.com\/TheNewYorkerCologne\/","https:\/\/www.instagram.com\/thenewyorkercologne\/","https:\/\/www.linkedin.com\/company\/the-new-yorker-hotel-gmbh\/about\/","https:\/\/www.youtube.com\/user\/TheNewYorker99\/"]}]}},"_links":{"self":[{"href":"https:\/\/thenewyorker.de\/en\/wp-json\/wp\/v2\/pages\/5329","targetHints":{"allow":["GET"]}}],"collection":[{"href":"https:\/\/thenewyorker.de\/en\/wp-json\/wp\/v2\/pages"}],"about":[{"href":"https:\/\/thenewyorker.de\/en\/wp-json\/wp\/v2\/types\/page"}],"author":[{"embeddable":true,"href":"https:\/\/thenewyorker.de\/en\/wp-json\/wp\/v2\/users\/1"}],"replies":[{"embeddable":true,"href":"https:\/\/thenewyorker.de\/en\/wp-json\/wp\/v2\/comments?post=5329"}],"version-history":[{"count":8,"href":"https:\/\/thenewyorker.de\/en\/wp-json\/wp\/v2\/pages\/5329\/revisions"}],"predecessor-version":[{"id":5379,"href":"https:\/\/thenewyorker.de\/en\/wp-json\/wp\/v2\/pages\/5329\/revisions\/5379"}],"wp:attachment":[{"href":"https:\/\/thenewyorker.de\/en\/wp-json\/wp\/v2\/media?parent=5329"}],"curies":[{"name":"wp","href":"https:\/\/api.w.org\/{rel}","templated":true}]}}