{"id":5335,"date":"2019-06-25T16:42:57","date_gmt":"2019-06-25T14:42:57","guid":{"rendered":"http:\/\/thenewyorker.de.w01a4702.kasserver.com\/impressum\/"},"modified":"2024-04-02T14:59:53","modified_gmt":"2024-04-02T12:59:53","slug":"imprint","status":"publish","type":"page","link":"https:\/\/thenewyorker.de\/en\/imprint\/","title":{"rendered":"Imprint"},"content":{"rendered":"<div id='av_section_1'  class='avia-section av-og6y1-75164c31a482aa9e29efe41bfa64c0f3 main_color avia-section-default avia-no-border-styling  avia-builder-el-0  avia-builder-el-no-sibling  avia-bg-style-scroll  container_wrap fullsize'  ><div class='container av-section-cont-open' ><main  role=\"main\" itemprop=\"mainContentOfPage\"  class='template-page content  av-content-full alpha units'><div class='post-entry post-entry-type-page post-entry-5335'><div class='entry-content-wrapper clearfix'>\n\n<style type=\"text\/css\" id=\"style-css-av-mt9sx-396b550bcb06f150d7479271f7dd5bd5\">\n#top .hr.hr-invisible.av-mt9sx-396b550bcb06f150d7479271f7dd5bd5{\nheight:50px;\n}\n<\/style>\n<div  class='hr av-mt9sx-396b550bcb06f150d7479271f7dd5bd5 hr-invisible  avia-builder-el-1  el_before_av_heading  avia-builder-el-first   av-desktop-hide av-medium-hide'><span class='hr-inner '><span class=\"hr-inner-style\"><\/span><\/span><\/div>\n\n<style type=\"text\/css\" id=\"style-css-av-gjqz5-2f2bf6fd231f808aa4658a3d153192bc\">\n#top .av-special-heading.av-gjqz5-2f2bf6fd231f808aa4658a3d153192bc{\npadding-bottom:10px;\n}\n<\/style>\n<div  class='av-special-heading av-gjqz5-2f2bf6fd231f808aa4658a3d153192bc av-special-heading-h1 blockquote modern-quote  avia-builder-el-2  el_after_av_hr  el_before_av_textblock  av-linked-heading '><h1 class='av-special-heading-tag '  itemprop=\"headline\"  >Imprint<\/h1><div class='special-heading-border'><div class='special-heading-inner-border'><\/div><\/div><\/div>\n<section class=\"av_textblock_section \"  itemscope=\"itemscope\" itemtype=\"https:\/\/schema.org\/CreativeWork\" ><div class='avia_textblock  '   itemprop=\"text\" ><p><strong>As a service for guests on our website we present basic information in English. The imprint listed in German below is legally binding.<\/strong><\/p>\n<p><strong>Betreibergesellschaft:<\/strong><br \/>\nThe New Yorker Hotel GmbH<br \/>\nDeutz-M\u00fclheimer Str. 204<br \/>\n51063 K\u00f6ln<br \/>\nTelefon: +49 221 4733-0<br \/>\nE-Mail: <a href=\"mailto:info@thenewyorker.de\">info@thenewyorker.de<\/a><br \/>\nInternet: <a href=\"https:\/\/www.thenewyorker.de\">https:\/\/www.thenewyorker.de<\/a><\/p>\n<p>Vertretungsberechtigte:<br \/>\nHerr Johannes J. Adams<br \/>\n<a href=\"mailto:birgit.krenkel@thenewyorker.de\">birgit.krenkel@thenewyorker.de<\/a><br \/>\nRegistergericht : Amtsgericht K\u00f6ln<br \/>\nRegisternummer : HRB32287<br \/>\nUSt-IdNr. : DE812789807<br \/>\nInhaltlich Verantwortlicher gem\u00e4\u00df \u00a76 MDStV :<br \/>\nHerr Johannes J. Adams<br \/>\n<a href=\"mailto:birgit.krenkel@thenewyorker.de\">birgit.krenkel@thenewyorker.de<\/a><\/p>\n<p>Haftungshinweis:<br \/>\nWir erkl\u00e4ren hiermit ausdr\u00fccklich, dass zum Zeitpunkt der Linksetzung keine illegalen Inhalte auf den von uns verlinkten externen Seiten erkennbar waren. Auf die aktuelle und zuk\u00fcnftige Gestaltung, die Inhalte oder die Urheberschaft der gelinkten\/verkn\u00fcpften Seiten haben wir keinerlei Einfluss. Deshalb distanzieren wir uns ausdr\u00fccklich von allen Inhalten aller gelinkten\/verkn\u00fcpften Seiten, die nach der Linksetzung ver\u00e4ndert wurden. Diese Feststellung gilt f\u00fcr alle innerhalb des eigenen Internetangebotes gesetzten Links und Verweise. F\u00fcr illegale, fehlerhafte oder unvollst\u00e4ndige Inhalte und insbesondere f\u00fcr Sch\u00e4den, die aus der Nutzung oder Nichtnutzung solcherart dargebotener Informationen entstehen, haftet allein der Anbieter der Seite, auf welche verwiesen wurde.<\/p>\n<p>Pflichtinformation nach der Verordnung (EU) Nr. 524\/2013 des Europ\u00e4ischen Parlaments und Rats:Link zur Homepage der Stelle f\u00fcr die Online-Beilegung verbraucherrechtlicher Streitigkeiten der Europ\u00e4ischen Kommission: <a href=\"https:\/\/ec.europa.eu\/consumers\/odr\/\" target=\"_blank\" rel=\"noopener\">https:\/\/ec.europa.eu\/consumers\/odr\/<\/a> &#8211; weiterf\u00fchrende Informationen stehen Ihnen dort voraussichtlich ab dem 15.02.2016 zur Verf\u00fcgung. F\u00fcr erste Fragen zu einer m\u00f6glichen Streitschlichtung stehen wir Ihnen unter reservation@thenewyorker.de zur Verf\u00fcgung.<br \/>\n\u00a9 Spirit Legal LLP 2016<\/p>\n<p>Fotorechte:<br \/>\n\u00a9 Arena Mietm\u00f6bel, Christin Schnittke, Dieter Jacobi, DJ Ren\u00e9 Pera, Elena Engels, eventfotografie24.com, Feinkost K\u00e4fer, hotelfotografie24.com, Kirberg Catering Fine Food, Kaiserschote Feinkost Catering, Lemonpie Event- und Messecatering, Light Event Veranstaltungstechnik, M\u00fcllermusic Veranstaltungstechnik, Sebastian Dr\u00fcen, Seelhammer Fotografie, Seven Diamonds Hochzeitsplanung, Stefan Schaal, Thomas Leege, Vinomobile Food&amp;Event<\/p>\n<\/div><\/section>\n\n","protected":false},"excerpt":{"rendered":"","protected":false},"author":1,"featured_media":0,"parent":0,"menu_order":0,"comment_status":"closed","ping_status":"closed","template":"","meta":{"_acf_changed":false,"footnotes":""},"class_list":["post-5335","page","type-page","status-publish","hentry"],"acf":[],"yoast_head":"<!-- This site is optimized with the Yoast SEO plugin v26.4 - https:\/\/yoast.com\/wordpress\/plugins\/seo\/ -->\n<title>Imprint | The New Yorker Group Cologne<\/title>\n<meta name=\"description\" content=\"\u2605 Imprint and legal \u2605 All legal information about The New Yorker Hotel Group in Cologne \u27a4 Click here for imprint \u27a4\" \/>\n<meta name=\"robots\" content=\"index, follow, max-snippet:-1, max-image-preview:large, max-video-preview:-1\" \/>\n<link rel=\"canonical\" href=\"https:\/\/thenewyorker.de\/en\/imprint\/\" \/>\n<meta property=\"og:locale\" content=\"en_US\" \/>\n<meta property=\"og:type\" content=\"article\" \/>\n<meta property=\"og:title\" content=\"Imprint | The New Yorker Group Cologne\" \/>\n<meta property=\"og:description\" content=\"\u2605 Imprint and legal \u2605 All legal information about The New Yorker Hotel Group in Cologne \u27a4 Click here for imprint \u27a4\" \/>\n<meta property=\"og:url\" content=\"https:\/\/thenewyorker.de\/en\/imprint\/\" \/>\n<meta property=\"og:site_name\" content=\"The New Yorker Cologne\" \/>\n<meta property=\"article:publisher\" content=\"https:\/\/www.facebook.com\/TheNewYorkerCologne\/\" \/>\n<meta property=\"article:modified_time\" content=\"2024-04-02T12:59:53+00:00\" \/>\n<meta name=\"twitter:card\" content=\"summary_large_image\" \/>\n<meta name=\"twitter:title\" content=\"Imprint | The New Yorker Group Cologne\" \/>\n<meta name=\"twitter:description\" content=\"\u2605 Imprint and legal \u2605 All legal information about The New Yorker Hotel Group in Cologne \u27a4 Click here for imprint \u27a4\" \/>\n<meta name=\"twitter:label1\" content=\"Est. reading time\" \/>\n\t<meta name=\"twitter:data1\" content=\"3 minutes\" \/>\n<script type=\"application\/ld+json\" class=\"yoast-schema-graph\">{\"@context\":\"https:\/\/schema.org\",\"@graph\":[{\"@type\":\"WebPage\",\"@id\":\"https:\/\/thenewyorker.de\/en\/imprint\/\",\"url\":\"https:\/\/thenewyorker.de\/en\/imprint\/\",\"name\":\"Imprint | The New Yorker Group Cologne\",\"isPartOf\":{\"@id\":\"https:\/\/thenewyorker.de\/#website\"},\"datePublished\":\"2019-06-25T14:42:57+00:00\",\"dateModified\":\"2024-04-02T12:59:53+00:00\",\"description\":\"\u2605 Imprint and legal \u2605 All legal information about The New Yorker Hotel Group in Cologne \u27a4 Click here for imprint \u27a4\",\"breadcrumb\":{\"@id\":\"https:\/\/thenewyorker.de\/en\/imprint\/#breadcrumb\"},\"inLanguage\":\"en-US\",\"potentialAction\":[{\"@type\":\"ReadAction\",\"target\":[\"https:\/\/thenewyorker.de\/en\/imprint\/\"]}]},{\"@type\":\"BreadcrumbList\",\"@id\":\"https:\/\/thenewyorker.de\/en\/imprint\/#breadcrumb\",\"itemListElement\":[{\"@type\":\"ListItem\",\"position\":1,\"name\":\"Startseite\",\"item\":\"https:\/\/thenewyorker.de\/en\/home\/\"},{\"@type\":\"ListItem\",\"position\":2,\"name\":\"Imprint\"}]},{\"@type\":\"WebSite\",\"@id\":\"https:\/\/thenewyorker.de\/#website\",\"url\":\"https:\/\/thenewyorker.de\/\",\"name\":\"The New Yorker Cologne\",\"description\":\"Hotels &amp; event locations\",\"publisher\":{\"@id\":\"https:\/\/thenewyorker.de\/#organization\"},\"potentialAction\":[{\"@type\":\"SearchAction\",\"target\":{\"@type\":\"EntryPoint\",\"urlTemplate\":\"https:\/\/thenewyorker.de\/?s={search_term_string}\"},\"query-input\":{\"@type\":\"PropertyValueSpecification\",\"valueRequired\":true,\"valueName\":\"search_term_string\"}}],\"inLanguage\":\"en-US\"},{\"@type\":\"Organization\",\"@id\":\"https:\/\/thenewyorker.de\/#organization\",\"name\":\"The New Yorker Cologne\",\"url\":\"https:\/\/thenewyorker.de\/\",\"logo\":{\"@type\":\"ImageObject\",\"inLanguage\":\"en-US\",\"@id\":\"https:\/\/thenewyorker.de\/#\/schema\/logo\/image\/\",\"url\":\"https:\/\/thenewyorker.de\/wp-content\/uploads\/2022\/06\/TNY-Cologne-1.png\",\"contentUrl\":\"https:\/\/thenewyorker.de\/wp-content\/uploads\/2022\/06\/TNY-Cologne-1.png\",\"width\":1030,\"height\":287,\"caption\":\"The New Yorker Cologne\"},\"image\":{\"@id\":\"https:\/\/thenewyorker.de\/#\/schema\/logo\/image\/\"},\"sameAs\":[\"https:\/\/www.facebook.com\/TheNewYorkerCologne\/\",\"https:\/\/www.instagram.com\/thenewyorkercologne\/\",\"https:\/\/www.linkedin.com\/company\/the-new-yorker-hotel-gmbh\/about\/\",\"https:\/\/www.youtube.com\/user\/TheNewYorker99\/\"]}]}<\/script>\n<!-- \/ Yoast SEO plugin. -->","yoast_head_json":{"title":"Imprint | The New Yorker Group Cologne","description":"\u2605 Imprint and legal \u2605 All legal information about The New Yorker Hotel Group in Cologne \u27a4 Click here for imprint \u27a4","robots":{"index":"index","follow":"follow","max-snippet":"max-snippet:-1","max-image-preview":"max-image-preview:large","max-video-preview":"max-video-preview:-1"},"canonical":"https:\/\/thenewyorker.de\/en\/imprint\/","og_locale":"en_US","og_type":"article","og_title":"Imprint | The New Yorker Group Cologne","og_description":"\u2605 Imprint and legal \u2605 All legal information about The New Yorker Hotel Group in Cologne \u27a4 Click here for imprint \u27a4","og_url":"https:\/\/thenewyorker.de\/en\/imprint\/","og_site_name":"The New Yorker Cologne","article_publisher":"https:\/\/www.facebook.com\/TheNewYorkerCologne\/","article_modified_time":"2024-04-02T12:59:53+00:00","twitter_card":"summary_large_image","twitter_title":"Imprint | The New Yorker Group Cologne","twitter_description":"\u2605 Imprint and legal \u2605 All legal information about The New Yorker Hotel Group in Cologne \u27a4 Click here for imprint \u27a4","twitter_misc":{"Est. reading time":"3 minutes"},"schema":{"@context":"https:\/\/schema.org","@graph":[{"@type":"WebPage","@id":"https:\/\/thenewyorker.de\/en\/imprint\/","url":"https:\/\/thenewyorker.de\/en\/imprint\/","name":"Imprint | The New Yorker Group Cologne","isPartOf":{"@id":"https:\/\/thenewyorker.de\/#website"},"datePublished":"2019-06-25T14:42:57+00:00","dateModified":"2024-04-02T12:59:53+00:00","description":"\u2605 Imprint and legal \u2605 All legal information about The New Yorker Hotel Group in Cologne \u27a4 Click here for imprint \u27a4","breadcrumb":{"@id":"https:\/\/thenewyorker.de\/en\/imprint\/#breadcrumb"},"inLanguage":"en-US","potentialAction":[{"@type":"ReadAction","target":["https:\/\/thenewyorker.de\/en\/imprint\/"]}]},{"@type":"BreadcrumbList","@id":"https:\/\/thenewyorker.de\/en\/imprint\/#breadcrumb","itemListElement":[{"@type":"ListItem","position":1,"name":"Startseite","item":"https:\/\/thenewyorker.de\/en\/home\/"},{"@type":"ListItem","position":2,"name":"Imprint"}]},{"@type":"WebSite","@id":"https:\/\/thenewyorker.de\/#website","url":"https:\/\/thenewyorker.de\/","name":"The New Yorker Cologne","description":"Hotels &amp; event locations","publisher":{"@id":"https:\/\/thenewyorker.de\/#organization"},"potentialAction":[{"@type":"SearchAction","target":{"@type":"EntryPoint","urlTemplate":"https:\/\/thenewyorker.de\/?s={search_term_string}"},"query-input":{"@type":"PropertyValueSpecification","valueRequired":true,"valueName":"search_term_string"}}],"inLanguage":"en-US"},{"@type":"Organization","@id":"https:\/\/thenewyorker.de\/#organization","name":"The New Yorker Cologne","url":"https:\/\/thenewyorker.de\/","logo":{"@type":"ImageObject","inLanguage":"en-US","@id":"https:\/\/thenewyorker.de\/#\/schema\/logo\/image\/","url":"https:\/\/thenewyorker.de\/wp-content\/uploads\/2022\/06\/TNY-Cologne-1.png","contentUrl":"https:\/\/thenewyorker.de\/wp-content\/uploads\/2022\/06\/TNY-Cologne-1.png","width":1030,"height":287,"caption":"The New Yorker Cologne"},"image":{"@id":"https:\/\/thenewyorker.de\/#\/schema\/logo\/image\/"},"sameAs":["https:\/\/www.facebook.com\/TheNewYorkerCologne\/","https:\/\/www.instagram.com\/thenewyorkercologne\/","https:\/\/www.linkedin.com\/company\/the-new-yorker-hotel-gmbh\/about\/","https:\/\/www.youtube.com\/user\/TheNewYorker99\/"]}]}},"_links":{"self":[{"href":"https:\/\/thenewyorker.de\/en\/wp-json\/wp\/v2\/pages\/5335","targetHints":{"allow":["GET"]}}],"collection":[{"href":"https:\/\/thenewyorker.de\/en\/wp-json\/wp\/v2\/pages"}],"about":[{"href":"https:\/\/thenewyorker.de\/en\/wp-json\/wp\/v2\/types\/page"}],"author":[{"embeddable":true,"href":"https:\/\/thenewyorker.de\/en\/wp-json\/wp\/v2\/users\/1"}],"replies":[{"embeddable":true,"href":"https:\/\/thenewyorker.de\/en\/wp-json\/wp\/v2\/comments?post=5335"}],"version-history":[{"count":5,"href":"https:\/\/thenewyorker.de\/en\/wp-json\/wp\/v2\/pages\/5335\/revisions"}],"predecessor-version":[{"id":5681,"href":"https:\/\/thenewyorker.de\/en\/wp-json\/wp\/v2\/pages\/5335\/revisions\/5681"}],"wp:attachment":[{"href":"https:\/\/thenewyorker.de\/en\/wp-json\/wp\/v2\/media?parent=5335"}],"curies":[{"name":"wp","href":"https:\/\/api.w.org\/{rel}","templated":true}]}}